{"id":1645,"date":"2023-01-10T08:36:34","date_gmt":"2023-01-10T08:36:34","guid":{"rendered":"https:\/\/paulhair.qodeinteractive.com\/?page_id=1645"},"modified":"2025-08-28T13:50:19","modified_gmt":"2025-08-28T11:50:19","slug":"contact-us","status":"publish","type":"page","link":"https:\/\/ebrucutandcare.de\/index.php\/contact-us\/","title":{"rendered":"Kontakt"},"content":{"rendered":"\t\t<div data-elementor-type=\"wp-page\" data-elementor-id=\"1645\" class=\"elementor elementor-1645\">\n\t\t\t\t\t\t<section class=\"elementor-section elementor-top-section elementor-element elementor-element-88c9d3c elementor-section-full_width elementor-section-height-default elementor-section-height-default\" data-id=\"88c9d3c\" data-element_type=\"section\">\n\t\t\t\t\t\t<div class=\"elementor-container elementor-column-gap-default\">\n\t\t\t\t\t<div class=\"elementor-column elementor-col-100 elementor-top-column elementor-element elementor-element-24a7e3e\" data-id=\"24a7e3e\" data-element_type=\"column\">\n\t\t\t<div class=\"elementor-widget-wrap elementor-element-populated\">\n\t\t\t\t\t\t<div class=\"elementor-element elementor-element-ca46e33 elementor-widget elementor-widget-paulhair_core_google_map\" data-id=\"ca46e33\" data-element_type=\"widget\" data-widget_type=\"paulhair_core_google_map.default\">\n\t\t\t\t<div class=\"elementor-widget-container\">\n\t\t\t<div class=\"qodef-shortcode qodef-m  qodef-google-map\">\n\t<div class=\"qodef-m-map\" id=\"qodef-map-id--516\" data-addresses='[\"https:\/\/www.google.com\/maps\/place\/30-64+Rue+du+Bel+air,+95360+Montmagny,+%D0%A4%D1%80%D0%B0%D0%BD%D1%86%D1%83%D1%81%D0%BA%D0%B0\/@48.9753927,2.3530655,17z\/data=!3m1!4b1!4m6!3m5!1s0x47e6690ac224643d:0x41f1f1681a106d5a!8m2!3d48.9753927!4d2.3530655!16s%2Fg%2F11c65_8m_j\"]' data-pin=https:\/\/ebrucutandcare.de\/wp-content\/uploads\/2023\/03\/map-pin-img-1.png data-unique-id=516 data-height=650><\/div>\n<\/div>\n\t\t<\/div>\n\t\t\t\t<\/div>\n\t\t\t\t\t<\/div>\n\t\t<\/div>\n\t\t\t\t\t<\/div>\n\t\t<\/section>\n\t\t\t\t<section class=\"elementor-section elementor-top-section elementor-element elementor-element-3048d35 qodef-elementor-content-grid elementor-section-boxed elementor-section-height-default elementor-section-height-default\" data-id=\"3048d35\" data-element_type=\"section\">\n\t\t\t\t\t\t<div class=\"elementor-container elementor-column-gap-default\">\n\t\t\t\t\t<div class=\"elementor-column elementor-col-100 elementor-top-column elementor-element elementor-element-4b172c3\" data-id=\"4b172c3\" data-element_type=\"column\">\n\t\t\t<div class=\"elementor-widget-wrap elementor-element-populated\">\n\t\t\t\t\t\t<div class=\"elementor-element elementor-element-46db107 elementor-widget elementor-widget-paulhair_core_section_title\" data-id=\"46db107\" data-element_type=\"widget\" data-widget_type=\"paulhair_core_section_title.default\">\n\t\t\t\t<div class=\"elementor-widget-container\">\n\t\t\t<div class=\"qodef-shortcode qodef-m  qodef-section-title qodef-alignment--center \">\n\t\t\t<h2 class=\"qodef-m-title\" >\n\t\t\t\t\tKontakt\t\t\t<\/h2>\n\t<\/div>\n\t\t<\/div>\n\t\t\t\t<\/div>\n\t\t\t\t\t<\/div>\n\t\t<\/div>\n\t\t\t\t\t<\/div>\n\t\t<\/section>\n\t\t\t\t<section class=\"elementor-section elementor-top-section elementor-element elementor-element-9636c8f elementor-section-full_width qodef-elementor-content-grid elementor-section-height-default elementor-section-height-default\" data-id=\"9636c8f\" data-element_type=\"section\">\n\t\t\t\t\t\t<div class=\"elementor-container elementor-column-gap-default\">\n\t\t\t\t\t<div class=\"elementor-column elementor-col-50 elementor-top-column elementor-element elementor-element-a4d835e\" data-id=\"a4d835e\" data-element_type=\"column\">\n\t\t\t<div class=\"elementor-widget-wrap elementor-element-populated\">\n\t\t\t\t\t\t<div class=\"elementor-element elementor-element-f7f7451 elementor-widget elementor-widget-image\" data-id=\"f7f7451\" data-element_type=\"widget\" data-widget_type=\"image.default\">\n\t\t\t\t<div class=\"elementor-widget-container\">\n\t\t\t<style>\/*! elementor - v3.20.0 - 10-04-2024 *\/\n.elementor-widget-image{text-align:center}.elementor-widget-image a{display:inline-block}.elementor-widget-image a img[src$=\".svg\"]{width:48px}.elementor-widget-image img{vertical-align:middle;display:inline-block}<\/style>\t\t\t\t\t\t\t<figure class=\"wp-caption\">\n\t\t\t\t\t\t\t\t\t\t<img fetchpriority=\"high\" decoding=\"async\" width=\"1024\" height=\"671\" src=\"https:\/\/ebrucutandcare.de\/wp-content\/uploads\/2025\/08\/Parkplatz-EbruCutandCare-1024x671.png\" class=\"attachment-large size-large wp-image-5112\" alt=\"\" srcset=\"https:\/\/ebrucutandcare.de\/wp-content\/uploads\/2025\/08\/Parkplatz-EbruCutandCare-1024x671.png 1024w, https:\/\/ebrucutandcare.de\/wp-content\/uploads\/2025\/08\/Parkplatz-EbruCutandCare-300x197.png 300w, https:\/\/ebrucutandcare.de\/wp-content\/uploads\/2025\/08\/Parkplatz-EbruCutandCare-768x503.png 768w, https:\/\/ebrucutandcare.de\/wp-content\/uploads\/2025\/08\/Parkplatz-EbruCutandCare-1536x1006.png 1536w, https:\/\/ebrucutandcare.de\/wp-content\/uploads\/2025\/08\/Parkplatz-EbruCutandCare.png 1984w\" sizes=\"(max-width: 1024px) 100vw, 1024px\" \/>\t\t\t\t\t\t\t\t\t\t\t<figcaption class=\"widget-image-caption wp-caption-text\">PARKPLATZBESCHREIBUNG<\/figcaption>\n\t\t\t\t\t\t\t\t\t\t<\/figure>\n\t\t\t\t\t\t\t<\/div>\n\t\t\t\t<\/div>\n\t\t\t\t\t<\/div>\n\t\t<\/div>\n\t\t\t\t<div class=\"elementor-column elementor-col-50 elementor-top-column elementor-element elementor-element-1b5bae9\" data-id=\"1b5bae9\" data-element_type=\"column\">\n\t\t\t<div class=\"elementor-widget-wrap elementor-element-populated\">\n\t\t\t\t\t\t<div class=\"elementor-element elementor-element-5a220b6 elementor-widget elementor-widget-paulhair_core_section_title\" data-id=\"5a220b6\" data-element_type=\"widget\" data-widget_type=\"paulhair_core_section_title.default\">\n\t\t\t\t<div class=\"elementor-widget-container\">\n\t\t\t<div class=\"qodef-shortcode qodef-m  qodef-section-title qodef-alignment--center \">\n\t\t\t<h3 class=\"qodef-m-title\" >\n\t\t\t\t\tdein weg zu uns\t\t\t<\/h3>\n\t<\/div>\n\t\t<\/div>\n\t\t\t\t<\/div>\n\t\t\t\t<div class=\"elementor-element elementor-element-da30175 elementor-widget elementor-widget-google_maps\" data-id=\"da30175\" data-element_type=\"widget\" data-widget_type=\"google_maps.default\">\n\t\t\t\t<div class=\"elementor-widget-container\">\n\t\t\t<style>\/*! elementor - v3.20.0 - 10-04-2024 *\/\n.elementor-widget-google_maps .elementor-widget-container{overflow:hidden}.elementor-widget-google_maps .elementor-custom-embed{line-height:0}.elementor-widget-google_maps iframe{height:300px}<\/style>\t\t<div class=\"elementor-custom-embed\">\n\t\t\t<iframe loading=\"lazy\"\n\t\t\t\t\tsrc=\"https:\/\/maps.google.com\/maps?q=Neue%20Ramtelstrasse%2028%2C%2071229&#038;t=m&#038;z=15&#038;output=embed&#038;iwloc=near\"\n\t\t\t\t\ttitle=\"Neue Ramtelstrasse 28, 71229\"\n\t\t\t\t\taria-label=\"Neue Ramtelstrasse 28, 71229\"\n\t\t\t><\/iframe>\n\t\t<\/div>\n\t\t\t\t<\/div>\n\t\t\t\t<\/div>\n\t\t\t\t<div class=\"elementor-element elementor-element-4ef2842 elementor-widget elementor-widget-text-editor\" data-id=\"4ef2842\" data-element_type=\"widget\" data-widget_type=\"text-editor.default\">\n\t\t\t\t<div class=\"elementor-widget-container\">\n\t\t\t<style>\/*! elementor - v3.20.0 - 10-04-2024 *\/\n.elementor-widget-text-editor.elementor-drop-cap-view-stacked .elementor-drop-cap{background-color:#69727d;color:#fff}.elementor-widget-text-editor.elementor-drop-cap-view-framed .elementor-drop-cap{color:#69727d;border:3px solid;background-color:transparent}.elementor-widget-text-editor:not(.elementor-drop-cap-view-default) .elementor-drop-cap{margin-top:8px}.elementor-widget-text-editor:not(.elementor-drop-cap-view-default) .elementor-drop-cap-letter{width:1em;height:1em}.elementor-widget-text-editor .elementor-drop-cap{float:left;text-align:center;line-height:1;font-size:50px}.elementor-widget-text-editor .elementor-drop-cap-letter{display:inline-block}<\/style>\t\t\t\t<p>Mit viel Liebe zum Detail haben wir hier einen modernen Raum geschaffen, in dem Du Dich rundum wohlf\u00fchlen wirst. Unseren Friseursalon findest Du in Leonberg im Stadteil Ramtel in der N\u00e4he der Bushaltestelle G\u00f6ppingerstrasse. Du erreichst uns auch bequem mit \u00f6ffentlichen Verkehrsmitteln oder dem eigenen Auto.<br \/>Wir freuen uns auf Deinen Besuch!<\/p>\t\t\t\t\t\t<\/div>\n\t\t\t\t<\/div>\n\t\t\t\t\t<\/div>\n\t\t<\/div>\n\t\t\t\t\t<\/div>\n\t\t<\/section>\n\t\t\t\t<section class=\"elementor-section elementor-top-section elementor-element elementor-element-f6f96ad elementor-section-full_width qodef-elementor-content-grid qodef-extended-grid qodef-extended-grid--right qodef-extended-grid-disabled--1024 elementor-section-height-default elementor-section-height-default\" data-id=\"f6f96ad\" data-element_type=\"section\" data-settings=\"{&quot;background_background&quot;:&quot;classic&quot;}\">\n\t\t\t\t\t\t<div class=\"elementor-container elementor-column-gap-default\">\n\t\t\t\t\t<div class=\"qodef-background-text elementor-column elementor-col-50 elementor-top-column elementor-element elementor-element-7e12713 qodef-background-text-disabled-on-mobile-devices--no\" data-id=\"7e12713\" data-element_type=\"column\">\n\t\t\t<div class=\"elementor-widget-wrap elementor-element-populated\">\n\t\t\t\t\t\t<div class=\"elementor-element elementor-element-c093869 elementor-widget__width-initial elementor-widget elementor-widget-paulhair_core_section_title\" data-id=\"c093869\" data-element_type=\"widget\" data-settings=\"{&quot;_animation&quot;:&quot;none&quot;}\" data-widget_type=\"paulhair_core_section_title.default\">\n\t\t\t\t<div class=\"elementor-widget-container\">\n\t\t\t<div class=\"qodef-shortcode qodef-m  qodef-section-title qodef-alignment--left \">\n\t\t\t<h6 class=\"qodef-m-title\" >\n\t\t\t\t\tSie k\u00f6nnen uns gerne  besuchen  oder anfrufen\t\t\t<\/h6>\n\t<\/div>\n\t\t<\/div>\n\t\t\t\t<\/div>\n\t\t\t\t<section class=\"elementor-section elementor-inner-section elementor-element elementor-element-5350a80 elementor-section-boxed elementor-section-height-default elementor-section-height-default\" data-id=\"5350a80\" data-element_type=\"section\">\n\t\t\t\t\t\t<div class=\"elementor-container elementor-column-gap-default\">\n\t\t\t\t\t<div class=\"elementor-column elementor-col-100 elementor-inner-column elementor-element elementor-element-b6e01ce\" data-id=\"b6e01ce\" data-element_type=\"column\">\n\t\t\t<div class=\"elementor-widget-wrap elementor-element-populated\">\n\t\t\t\t\t\t<div class=\"elementor-element elementor-element-25b1868 elementor-widget elementor-widget-text-editor\" data-id=\"25b1868\" data-element_type=\"widget\" data-widget_type=\"text-editor.default\">\n\t\t\t\t<div class=\"elementor-widget-container\">\n\t\t\t\t\t\t\t<p>Neue Ramtelstrasse 28<\/p><p>71229 Leonberg<\/p>\t\t\t\t\t\t<\/div>\n\t\t\t\t<\/div>\n\t\t\t\t<div class=\"elementor-element elementor-element-2929e1b elementor-widget elementor-widget-text-editor\" data-id=\"2929e1b\" data-element_type=\"widget\" data-widget_type=\"text-editor.default\">\n\t\t\t\t<div class=\"elementor-widget-container\">\n\t\t\t\t\t\t\t\t\t\t\t\t\t<\/div>\n\t\t\t\t<\/div>\n\t\t\t\t<div class=\"elementor-element elementor-element-f056f7f elementor-widget elementor-widget-text-editor\" data-id=\"f056f7f\" data-element_type=\"widget\" data-widget_type=\"text-editor.default\">\n\t\t\t\t<div class=\"elementor-widget-container\">\n\t\t\t\t\t\t\t<p>Tel: <a href=\"tel:+49 7152 7648 166\">+49 7152 7648 166<\/a><\/p>\t\t\t\t\t\t<\/div>\n\t\t\t\t<\/div>\n\t\t\t\t\t<\/div>\n\t\t<\/div>\n\t\t\t\t\t<\/div>\n\t\t<\/section>\n\t\t\t\t<div class=\"elementor-element elementor-element-919d645 elementor-widget elementor-widget-text-editor\" data-id=\"919d645\" data-element_type=\"widget\" data-widget_type=\"text-editor.default\">\n\t\t\t\t<div class=\"elementor-widget-container\">\n\t\t\t\t\t\t\t\t\t\t\t\t\t<\/div>\n\t\t\t\t<\/div>\n\t\t\t\t\t<\/div>\n\t\t<\/div>\n\t\t\t\t<div class=\"elementor-column elementor-col-50 elementor-top-column elementor-element elementor-element-e527136\" data-id=\"e527136\" data-element_type=\"column\">\n\t\t\t<div class=\"elementor-widget-wrap elementor-element-populated\">\n\t\t\t\t\t\t<div class=\"elementor-element elementor-element-a711072 elementor-widget elementor-widget-paulhair_core_single_image\" data-id=\"a711072\" data-element_type=\"widget\" data-settings=\"{&quot;_animation&quot;:&quot;none&quot;}\" data-widget_type=\"paulhair_core_single_image.default\">\n\t\t\t\t<div class=\"elementor-widget-container\">\n\t\t\t<div class=\"qodef-shortcode qodef-m  qodef-single-image qodef-layout--default    \">\n\t\t\t<div class=\"qodef-m-image\" >\n\t\t\t\t\t\t\t\t<img decoding=\"async\" width=\"1000\" height=\"601\" src=\"https:\/\/ebrucutandcare.de\/wp-content\/uploads\/2024\/02\/main-home-single-img.02.jpg\" class=\"attachment-full size-full\" alt=\"\" srcset=\"https:\/\/ebrucutandcare.de\/wp-content\/uploads\/2024\/02\/main-home-single-img.02.jpg 1000w, https:\/\/ebrucutandcare.de\/wp-content\/uploads\/2024\/02\/main-home-single-img.02-300x180.jpg 300w, https:\/\/ebrucutandcare.de\/wp-content\/uploads\/2024\/02\/main-home-single-img.02-768x462.jpg 768w\" sizes=\"(max-width: 1000px) 100vw, 1000px\" \/>\t\t\t\t\t\t\t<\/div>\n\t<\/div>\n\t\t<\/div>\n\t\t\t\t<\/div>\n\t\t\t\t\t<\/div>\n\t\t<\/div>\n\t\t\t\t\t<\/div>\n\t\t<\/section>\n\t\t\t\t<section class=\"elementor-section elementor-top-section elementor-element elementor-element-f7ba544 elementor-section-full_width qodef-elementor-content-grid elementor-section-height-default elementor-section-height-default\" data-id=\"f7ba544\" data-element_type=\"section\" data-settings=\"{&quot;background_background&quot;:&quot;classic&quot;}\">\n\t\t\t\t\t\t<div class=\"elementor-container elementor-column-gap-default\">\n\t\t\t\t\t<div class=\"elementor-column elementor-col-100 elementor-top-column elementor-element elementor-element-ff2e405\" data-id=\"ff2e405\" data-element_type=\"column\">\n\t\t\t<div class=\"elementor-widget-wrap\">\n\t\t\t\t\t\t\t<\/div>\n\t\t<\/div>\n\t\t\t\t\t<\/div>\n\t\t<\/section>\n\t\t\t\t<\/div>\n\t\t","protected":false},"excerpt":{"rendered":"<p>Kontakt PARKPLATZBESCHREIBUNG dein weg zu uns Mit viel Liebe zum Detail haben wir hier einen modernen Raum geschaffen, in dem Du Dich rundum wohlf\u00fchlen wirst. Unseren Friseursalon findest Du in Leonberg im Stadteil Ramtel in der N\u00e4he der Bushaltestelle G\u00f6ppingerstrasse. Du erreichst uns auch bequem mit \u00f6ffentlichen Verkehrsmitteln oder dem eigenen Auto.Wir freuen uns auf [&hellip;]<\/p>\n","protected":false},"author":1,"featured_media":0,"parent":0,"menu_order":0,"comment_status":"closed","ping_status":"closed","template":"page-full-width.php","meta":{"footnotes":""},"class_list":["post-1645","page","type-page","status-publish","hentry"],"aioseo_notices":[],"_links":{"self":[{"href":"https:\/\/ebrucutandcare.de\/index.php\/wp-json\/wp\/v2\/pages\/1645","targetHints":{"allow":["GET"]}}],"collection":[{"href":"https:\/\/ebrucutandcare.de\/index.php\/wp-json\/wp\/v2\/pages"}],"about":[{"href":"https:\/\/ebrucutandcare.de\/index.php\/wp-json\/wp\/v2\/types\/page"}],"author":[{"embeddable":true,"href":"https:\/\/ebrucutandcare.de\/index.php\/wp-json\/wp\/v2\/users\/1"}],"replies":[{"embeddable":true,"href":"https:\/\/ebrucutandcare.de\/index.php\/wp-json\/wp\/v2\/comments?post=1645"}],"version-history":[{"count":58,"href":"https:\/\/ebrucutandcare.de\/index.php\/wp-json\/wp\/v2\/pages\/1645\/revisions"}],"predecessor-version":[{"id":5121,"href":"https:\/\/ebrucutandcare.de\/index.php\/wp-json\/wp\/v2\/pages\/1645\/revisions\/5121"}],"wp:attachment":[{"href":"https:\/\/ebrucutandcare.de\/index.php\/wp-json\/wp\/v2\/media?parent=1645"}],"curies":[{"name":"wp","href":"https:\/\/api.w.org\/{rel}","templated":true}]}}